{"id":370,"date":"2022-01-24T12:17:30","date_gmt":"2022-01-24T12:17:30","guid":{"rendered":"http:\/\/westys.com.ar\/?page_id=370"},"modified":"2025-12-02T11:15:43","modified_gmt":"2025-12-02T11:15:43","slug":"druids-kennel-2","status":"publish","type":"page","link":"https:\/\/westys.com.ar\/?page_id=370","title":{"rendered":"Nosotros"},"content":{"rendered":"\n<figure class=\"wp-block-gallery has-nested-images columns-default is-cropped wp-block-gallery-1 is-layout-flex wp-block-gallery-is-layout-flex\">\n<figure class=\"wp-block-image size-large\"><img loading=\"lazy\" decoding=\"async\" width=\"416\" height=\"592\" data-id=\"371\" src=\"https:\/\/westys.com.ar\/wp-content\/uploads\/2022\/01\/FB_IMG_1643024853616.jpg\" alt=\"\" class=\"wp-image-371\" srcset=\"https:\/\/westys.com.ar\/wp-content\/uploads\/2022\/01\/FB_IMG_1643024853616.jpg 416w, https:\/\/westys.com.ar\/wp-content\/uploads\/2022\/01\/FB_IMG_1643024853616-211x300.jpg 211w\" sizes=\"auto, (max-width: 416px) 100vw, 416px\" \/><\/figure>\n<figcaption class=\"blocks-gallery-caption wp-element-caption\">Con Guinevere (Fruncis Guinevere) mi primera westie y la piedra fundacional de los westies Druids <\/figcaption><\/figure>\n\n\n\n<p>Amo a los animales desde que tengo memoria,   Druids Kennel es el proyecto y la pasi\u00f3n de mi vida, lo registre en Federaci\u00f3n Cinologica Argentina antes de cumplir mis 20 a\u00f1os y desde ese momento creci\u00f3 siempre con la premisa de la cria responsable, criar perros felices y sanos que hagan a otras personas tan felices como mis perros me hacen a mi.  <\/p>\n\n\n\n<p>Cada uno de mis perros fue elegido cuidadosamente siempre pensando en que cada camada sea mejor que sus padres, teniendo en cuenta no s\u00f3lo el standard de la raza, si no tambi\u00e9n la salud y el buen car\u00e1cter <\/p>\n\n\n\n<p>Mis perros son ante todo mis mascotas y viven como tales en mi casa, conmigo, personalmente cuido a cada uno de ellos como as\u00ed tambi\u00e9n a cada bebe que nace en casa y tambi\u00e9n personalmente elijo a cada una de las nuevas familias de mis cachorros y me mantengo a su disposici\u00f3n para colaborar con ellos y compartir la evoluci\u00f3n de cada cachorro Druids durante toda la vida.<\/p>\n\n\n\n<p>Los cachorros se cr\u00edan cuidados y estimulados, compartiendo su crecimiento con los otros adultos y los 4 gatos y as\u00ed siempre vigilados por sus mam\u00e1s crecen con un temperamento estable y bien  Socializados, esto permite que muchos de ellos sean elegidos para desempe\u00f1arse como perros de asistencia <\/p>\n\n\n\n<p>En la tarea de criar es indispensable el apoyo de los profesionales de diferentes \u00e1reas Veterinarios, Entrenadores y Gestor de Env\u00edos e Importaci\u00f3n de los cachorros, en este aspecto cuento con el apoyo de los mejores en sus \u00e1reas <\/p>\n\n\n\n<p>Amo estudiar, aprender un poco m\u00e1s sobre todos los aspectos de la crianza y as\u00ed poder cuidarlos cada d\u00eda mejor <\/p>\n\n\n\n<p>Defiendo la Cria Responsable, basada siempre en el bienestar animal.  Creo que las razas caninas son un legado de nuestros antepasados que han ayudado al hombre en diversas actividades durante siglos. Creo que debemos preservar ese trabajo que nos legaron y cuidarlo para las pr\u00f3ximas generaciones. Un p\u00e1rrafo aparte de agradecimiento a los criadores que me confiaron a los perros que son la base de mi plantel y por supuesto a los criadores con los que compartimos este camino maravilloso de la crianza<\/p>\n\n\n\n<p>Espero realmente que todos mis cachorros vivan una vida larga y feliz haciendo felices a sus nuevas familias y trabajo todos los d\u00edas para asegurarme de que as\u00ed sea<\/p>\n\n\n\n<figure class=\"wp-block-gallery has-nested-images columns-default is-cropped wp-block-gallery-2 is-layout-flex wp-block-gallery-is-layout-flex\">\n<figure class=\"wp-block-image size-large\"><img loading=\"lazy\" decoding=\"async\" width=\"720\" height=\"527\" data-id=\"372\" src=\"https:\/\/westys.com.ar\/wp-content\/uploads\/2022\/01\/Screenshot_20220123-170340_Drive.jpg\" alt=\"\" class=\"wp-image-372\" srcset=\"https:\/\/westys.com.ar\/wp-content\/uploads\/2022\/01\/Screenshot_20220123-170340_Drive.jpg 720w, https:\/\/westys.com.ar\/wp-content\/uploads\/2022\/01\/Screenshot_20220123-170340_Drive-300x220.jpg 300w\" sizes=\"auto, (max-width: 720px) 100vw, 720px\" \/><\/figure>\n\n\n\n<figure class=\"wp-block-image size-large\"><img loading=\"lazy\" decoding=\"async\" width=\"720\" height=\"845\" data-id=\"373\" src=\"https:\/\/westys.com.ar\/wp-content\/uploads\/2022\/01\/Screenshot_20220123-170237_Drive.jpg\" alt=\"\" class=\"wp-image-373\" srcset=\"https:\/\/westys.com.ar\/wp-content\/uploads\/2022\/01\/Screenshot_20220123-170237_Drive.jpg 720w, https:\/\/westys.com.ar\/wp-content\/uploads\/2022\/01\/Screenshot_20220123-170237_Drive-256x300.jpg 256w\" sizes=\"auto, (max-width: 720px) 100vw, 720px\" \/><\/figure>\n\n\n\n<figure class=\"wp-block-image size-large\"><img loading=\"lazy\" decoding=\"async\" width=\"720\" height=\"532\" data-id=\"374\" src=\"https:\/\/westys.com.ar\/wp-content\/uploads\/2022\/01\/Screenshot_20220123-164936_Facebook.jpg\" alt=\"\" class=\"wp-image-374\" srcset=\"https:\/\/westys.com.ar\/wp-content\/uploads\/2022\/01\/Screenshot_20220123-164936_Facebook.jpg 720w, https:\/\/westys.com.ar\/wp-content\/uploads\/2022\/01\/Screenshot_20220123-164936_Facebook-300x222.jpg 300w\" sizes=\"auto, (max-width: 720px) 100vw, 720px\" \/><\/figure>\n\n\n\n<figure class=\"wp-block-image size-large\"><img loading=\"lazy\" decoding=\"async\" width=\"717\" height=\"486\" data-id=\"375\" src=\"https:\/\/westys.com.ar\/wp-content\/uploads\/2022\/01\/Screenshot_20220123-170718_Drive.jpg\" alt=\"\" class=\"wp-image-375\" srcset=\"https:\/\/westys.com.ar\/wp-content\/uploads\/2022\/01\/Screenshot_20220123-170718_Drive.jpg 717w, https:\/\/westys.com.ar\/wp-content\/uploads\/2022\/01\/Screenshot_20220123-170718_Drive-300x203.jpg 300w\" sizes=\"auto, (max-width: 717px) 100vw, 717px\" \/><\/figure>\n\n\n\n<figure class=\"wp-block-image size-large\"><img loading=\"lazy\" decoding=\"async\" width=\"715\" height=\"506\" data-id=\"376\" src=\"https:\/\/westys.com.ar\/wp-content\/uploads\/2022\/01\/Screenshot_20220123-164838_Facebook.jpg\" alt=\"\" class=\"wp-image-376\" srcset=\"https:\/\/westys.com.ar\/wp-content\/uploads\/2022\/01\/Screenshot_20220123-164838_Facebook.jpg 715w, https:\/\/westys.com.ar\/wp-content\/uploads\/2022\/01\/Screenshot_20220123-164838_Facebook-300x212.jpg 300w\" sizes=\"auto, (max-width: 715px) 100vw, 715px\" \/><\/figure>\n<\/figure>\n\n\n\n<figure class=\"wp-block-image size-large\"><img loading=\"lazy\" decoding=\"async\" width=\"1024\" height=\"736\" src=\"https:\/\/westys.com.ar\/wp-content\/uploads\/2022\/02\/20220217_094321-1024x736.jpg\" alt=\"\" class=\"wp-image-389\" srcset=\"https:\/\/westys.com.ar\/wp-content\/uploads\/2022\/02\/20220217_094321-1024x736.jpg 1024w, https:\/\/westys.com.ar\/wp-content\/uploads\/2022\/02\/20220217_094321-300x216.jpg 300w, https:\/\/westys.com.ar\/wp-content\/uploads\/2022\/02\/20220217_094321-768x552.jpg 768w, https:\/\/westys.com.ar\/wp-content\/uploads\/2022\/02\/20220217_094321-1536x1105.jpg 1536w, https:\/\/westys.com.ar\/wp-content\/uploads\/2022\/02\/20220217_094321-2048x1473.jpg 2048w\" sizes=\"auto, (max-width: 1024px) 100vw, 1024px\" \/><\/figure>\n\n\n\n<figure class=\"wp-block-image size-large\"><img loading=\"lazy\" decoding=\"async\" width=\"1024\" height=\"1016\" src=\"https:\/\/westys.com.ar\/wp-content\/uploads\/2025\/12\/FB_IMG_1764673327938-1-1024x1016.jpg\" alt=\"\" class=\"wp-image-439\" srcset=\"https:\/\/westys.com.ar\/wp-content\/uploads\/2025\/12\/FB_IMG_1764673327938-1-1024x1016.jpg 1024w, https:\/\/westys.com.ar\/wp-content\/uploads\/2025\/12\/FB_IMG_1764673327938-1-300x298.jpg 300w, https:\/\/westys.com.ar\/wp-content\/uploads\/2025\/12\/FB_IMG_1764673327938-1-150x150.jpg 150w, https:\/\/westys.com.ar\/wp-content\/uploads\/2025\/12\/FB_IMG_1764673327938-1-768x762.jpg 768w, https:\/\/westys.com.ar\/wp-content\/uploads\/2025\/12\/FB_IMG_1764673327938-1.jpg 1363w\" sizes=\"auto, (max-width: 1024px) 100vw, 1024px\" \/><\/figure>\n\n\n\n<figure class=\"wp-block-gallery has-nested-images columns-default is-cropped wp-block-gallery-3 is-layout-flex wp-block-gallery-is-layout-flex\">\n<figure class=\"wp-block-image size-large\"><img loading=\"lazy\" decoding=\"async\" width=\"1024\" height=\"725\" data-id=\"440\" src=\"https:\/\/westys.com.ar\/wp-content\/uploads\/2025\/12\/FB_IMG_1764673139194-1-1024x725.jpg\" alt=\"\" class=\"wp-image-440\" srcset=\"https:\/\/westys.com.ar\/wp-content\/uploads\/2025\/12\/FB_IMG_1764673139194-1-1024x725.jpg 1024w, https:\/\/westys.com.ar\/wp-content\/uploads\/2025\/12\/FB_IMG_1764673139194-1-300x212.jpg 300w, https:\/\/westys.com.ar\/wp-content\/uploads\/2025\/12\/FB_IMG_1764673139194-1-768x544.jpg 768w, https:\/\/westys.com.ar\/wp-content\/uploads\/2025\/12\/FB_IMG_1764673139194-1-1536x1088.jpg 1536w, https:\/\/westys.com.ar\/wp-content\/uploads\/2025\/12\/FB_IMG_1764673139194-1.jpg 2048w\" sizes=\"auto, (max-width: 1024px) 100vw, 1024px\" \/><\/figure>\n<\/figure>\n\n\n\n<p>Gr Ch Argb<\/p>\n\n\n\n\n\n<figure class=\"wp-block-gallery has-nested-images columns-default is-cropped wp-block-gallery-4 is-layout-flex wp-block-gallery-is-layout-flex\"><\/figure>\n\n\n\n\n\n\n\n\n","protected":false},"excerpt":{"rendered":"<p>Amo a los animales desde que tengo memoria, Druids Kennel es el proyecto y la pasi\u00f3n de mi vida, lo &hellip; <\/p>\n","protected":false},"author":1,"featured_media":0,"parent":0,"menu_order":0,"comment_status":"closed","ping_status":"closed","template":"","meta":{"om_disable_all_campaigns":false,"_uag_custom_page_level_css":"","_monsterinsights_skip_tracking":false,"_monsterinsights_sitenote_active":false,"_monsterinsights_sitenote_note":"","_monsterinsights_sitenote_category":0,"_uf_show_specific_survey":0,"_uf_disable_surveys":false,"_coachify_sidebar_layout":"","footnotes":""},"class_list":["post-370","page","type-page","status-publish","hentry","image-hover-transition-effect"],"aioseo_notices":[],"uagb_featured_image_src":{"full":false,"thumbnail":false,"medium":false,"medium_large":false,"large":false,"1536x1536":false,"2048x2048":false,"coachify-withsidebar":false,"coachify-blog-home":false,"coachify-header-bg-img":false,"coachify-fullwidth":false,"coachify-related":false},"uagb_author_info":{"display_name":"mariadruids@gmail.com","author_link":"https:\/\/westys.com.ar\/?author=1"},"uagb_comment_info":0,"uagb_excerpt":"Amo a los animales desde que tengo memoria, Druids Kennel es el proyecto y la pasi\u00f3n de mi vida, lo &hellip;","_links":{"self":[{"href":"https:\/\/westys.com.ar\/index.php?rest_route=\/wp\/v2\/pages\/370","targetHints":{"allow":["GET"]}}],"collection":[{"href":"https:\/\/westys.com.ar\/index.php?rest_route=\/wp\/v2\/pages"}],"about":[{"href":"https:\/\/westys.com.ar\/index.php?rest_route=\/wp\/v2\/types\/page"}],"author":[{"embeddable":true,"href":"https:\/\/westys.com.ar\/index.php?rest_route=\/wp\/v2\/users\/1"}],"replies":[{"embeddable":true,"href":"https:\/\/westys.com.ar\/index.php?rest_route=%2Fwp%2Fv2%2Fcomments&post=370"}],"version-history":[{"count":5,"href":"https:\/\/westys.com.ar\/index.php?rest_route=\/wp\/v2\/pages\/370\/revisions"}],"predecessor-version":[{"id":441,"href":"https:\/\/westys.com.ar\/index.php?rest_route=\/wp\/v2\/pages\/370\/revisions\/441"}],"wp:attachment":[{"href":"https:\/\/westys.com.ar\/index.php?rest_route=%2Fwp%2Fv2%2Fmedia&parent=370"}],"curies":[{"name":"wp","href":"https:\/\/api.w.org\/{rel}","templated":true}]}}